{"id":133,"date":"2024-03-28T16:49:45","date_gmt":"2024-03-28T16:49:45","guid":{"rendered":"http:\/\/marconlab.org\/?page_id=133"},"modified":"2025-02-13T17:27:46","modified_gmt":"2025-02-13T17:27:46","slug":"publications","status":"publish","type":"page","link":"http:\/\/marconlab.org\/index.php\/publications\/","title":{"rendered":"Publications"},"content":{"rendered":"\n<blockquote class=\"wp-block-quote is-layout-flow wp-block-quote-is-layout-flow\">\n<p>We can only see a short distance ahead, but we can see plenty there that needs to be done.<\/p>\n<cite>Alan Turing<\/cite><\/blockquote>\n\n\n\n<p><a href=\"#2025\">2025<\/a>, <a href=\"#2024\" data-type=\"internal\" data-id=\"#2024\">2024<\/a>, <a href=\"#2023\" data-type=\"internal\" data-id=\"#2023\">2023<\/a>, <a href=\"#2021\" data-type=\"internal\" data-id=\"#2021\">2021<\/a>, <a href=\"#2018\" data-type=\"internal\" data-id=\"#2018\">2018<\/a>, <a href=\"#2016\" data-type=\"internal\" data-id=\"#2016\">2016<\/a>, <a href=\"#2015\" data-type=\"internal\" data-id=\"#2015\">2015<\/a>, <a href=\"#2014\" data-type=\"internal\" data-id=\"#2014\">2014<\/a>, <a href=\"#2012\" data-type=\"internal\" data-id=\"#2012\">2012<\/a> ,<a href=\"#2011\" data-type=\"internal\" data-id=\"#2011\">2011<\/a><\/p>\n\n\n\n<div class=\"wp-block-group is-layout-flow wp-container-core-group-is-layout-86514c44 wp-block-group-is-layout-flow\" style=\"border-width:2px;padding-right:0;padding-left:0\">\n<h2 class=\"wp-block-heading is-style-sidebar-title has-white-color has-primary-background-color has-text-color has-background has-small-font-size\" id=\"2025\" style=\"margin-top:0vw;margin-bottom:1.5vw;font-style:normal;font-weight:400\">2025<\/h2>\n\n\n\n<p style=\"padding-top:var(--wp--preset--spacing--30);padding-right:var(--wp--preset--spacing--30);padding-bottom:var(--wp--preset--spacing--30);padding-left:var(--wp--preset--spacing--30)\">\u2022 Reguieria L.<b> Marcon L<\/b>. (2025) The Network Basis of Pattern Formation: A Topological Atlas of Multifunctional Turing Networks <a href=\"https:\/\/doi.org\/10.1101\/2025.01.27.634997\"> BioR <\/a>. <a href=\"https:\/\/marconlab.org\/papers\/LM2025.pdf\">PDF<\/a><\/p>\n<\/div>\n\n\n\n<div class=\"wp-block-group is-layout-flow wp-container-core-group-is-layout-d85392cb wp-block-group-is-layout-flow\" style=\"border-width:2px;padding-right:0;padding-left:0\">\n<h2 class=\"wp-block-heading is-style-sidebar-title has-white-color has-primary-background-color has-text-color has-background has-small-font-size\" id=\"2024\" style=\"margin-top:0vw;margin-bottom:1.5vw;font-style:normal;font-weight:400\">2024<\/h2>\n\n\n\n<p style=\"padding-top:var(--wp--preset--spacing--30);padding-right:var(--wp--preset--spacing--30);padding-bottom:var(--wp--preset--spacing--30);padding-left:var(--wp--preset--spacing--30)\">\u2022 Klepstad J.,<b> Marcon L<\/b>. (2024) A Clock and Wavefront Self-Organizing Model Recreates the Dynamics of Mouse Somitogenesis in-vivo and in-vitro. <a href=\"https:\/\/www.biorxiv.org\/content\/10.1101\/2023.01.18.524516v3\"> <\/a><a href=\"https:\/\/doi.org\/10.1242\/dev.202606\" data-type=\"link\" data-id=\"https:\/\/doi.org\/10.1242\/dev.202606\">Development<\/a><a href=\"https:\/\/www.biorxiv.org\/content\/10.1101\/2023.01.18.524516v3\"> <\/a>. <a href=\"https:\/\/marconlab.org\/papers\/LM2024.pdf\">PDF<\/a> <a href=\"https:\/\/marconlab.org\/papers\/LM2015-SM.PDF\">Supporting Material<\/a><br>\u2022 Klepstad J.,<b> Marcon L<\/b>. (2024) The people behind the papers \u2013 Julie Klepstad and Luciano Marcon. <a href=\"https:\/\/www.biorxiv.org\/content\/10.1101\/2023.01.18.524516v3\"> <\/a><a href=\"https:\/\/doi.org\/10.1242\/dev.203021\" data-type=\"link\" data-id=\"https:\/\/doi.org\/10.1242\/dev.203021\">Development<\/a><\/p>\n<\/div>\n\n\n\n<div class=\"wp-block-group is-layout-flow wp-container-core-group-is-layout-86514c44 wp-block-group-is-layout-flow\" style=\"border-width:2px;padding-right:0;padding-left:0\">\n<h2 class=\"wp-block-heading is-style-sidebar-title has-white-color has-primary-background-color has-text-color has-background has-small-font-size\" id=\"2023\" style=\"margin-top:0vw;margin-bottom:1.5vw;font-style:normal;font-weight:400\">2023<\/h2>\n\n\n\n<p style=\"padding-top:var(--wp--preset--spacing--30);padding-right:var(--wp--preset--spacing--30);padding-bottom:var(--wp--preset--spacing--30);padding-left:var(--wp--preset--spacing--30)\">\u2022<b> Marcon L<\/b>. (2023)  Multicellular self-organization.  <a href=\"https:\/\/www.nature.com\/articles\/s41580-022-00520-8\"> Nat Rev Mol Cell Biol. <\/a>. <a href=\"https:\/\/marconlab.org\/papers\/LM2023.pdf\">PDF<\/a><\/p>\n<\/div>\n\n\n\n<div class=\"wp-block-group is-layout-flow wp-container-core-group-is-layout-86514c44 wp-block-group-is-layout-flow\" style=\"border-width:2px;padding-right:0;padding-left:0\">\n<h2 class=\"wp-block-heading is-style-sidebar-title has-white-color has-primary-background-color has-text-color has-background has-small-font-size\" id=\"2021\" style=\"margin-top:0vw;margin-bottom:1.5vw;font-style:normal;font-weight:400\">2021<\/h2>\n\n\n\n<p style=\"padding-top:var(--wp--preset--spacing--30);padding-right:var(--wp--preset--spacing--30);padding-bottom:var(--wp--preset--spacing--30);padding-left:var(--wp--preset--spacing--30)\">\u2022 Serrano J.M., Raspopovic J,<b> Marcon L<\/b>. (2021) From embryos to embryoids: How external signals and self-organization drive embryonic development.  <a href=\"https:\/\/www.cell.com\/stem-cell-reports\/fulltext\/S2213-6711(21)00157-0?_returnURL=https%3A%2F%2Flinkinghub.elsevier.com%2Fretrieve%2Fpii%2FS2213671121001570%3Fshowall%3Dtrue\"> Stem Cell Reports <\/a>. <a href=\"https:\/\/marconlab.org\/papers\/LM2021-1.PDF\">PDF<\/a><\/p>\n\n\n\n<p style=\"padding-top:var(--wp--preset--spacing--30);padding-right:var(--wp--preset--spacing--30);padding-bottom:var(--wp--preset--spacing--30);padding-left:var(--wp--preset--spacing--30)\">\u2022 Onimaru K., <b> Marcon L<\/b>.(2021) Systems Biology Approach to the Origin of the Tetrapod Limb, Chapter of Evolutionary Systems Biology pp 89-113.  <a href=\"https:\/\/link.springer.com\/chapter\/10.1007\/978-3-030-71737-7_5\"> Springer <\/a>. <a href=\"https:\/\/marconlab.org\/papers\/LM2021-2.PDF\">PDF<\/a><\/p>\n\n\n\n<p style=\"padding-top:var(--wp--preset--spacing--30);padding-right:var(--wp--preset--spacing--30);padding-bottom:var(--wp--preset--spacing--30);padding-left:var(--wp--preset--spacing--30)\">\u2022 Arujo SJ et al. (2021) Virtual meeting, real and sound science: report of the 17th Meeting of the Spanish Society for Developmental Biology (SEBD-2020) Virtual Meeting. 18th to 20th November 2020.  <a href=\"http:\/\/www.ijdb.ehu.es\/web\/paper.php?doi=210005rb\">  Int. J. of Dev. Bio <\/a>. <a href=\"https:\/\/marconlab.org\/papers\/LM2021-3.PDF\">PDF<\/a><\/p>\n<\/div>\n\n\n\n<div class=\"wp-block-group is-layout-flow wp-container-core-group-is-layout-86514c44 wp-block-group-is-layout-flow\" style=\"border-width:2px;padding-right:0;padding-left:0\">\n<h2 class=\"wp-block-heading is-style-sidebar-title has-white-color has-primary-background-color has-text-color has-background has-small-font-size\" id=\"2018\" style=\"margin-top:0vw;margin-bottom:1.5vw;font-style:normal;font-weight:400\">2018<\/h2>\n\n\n\n<p style=\"padding-top:var(--wp--preset--spacing--30);padding-right:var(--wp--preset--spacing--30);padding-bottom:var(--wp--preset--spacing--30);padding-left:var(--wp--preset--spacing--30)\">\u2022 Almuedo-\u00adCastillo M, Bl\u00e4\u00dfle A, M\u00f6rsdorf D, <b>Marcon L<\/b>, Rogers K, Schier A, M\u00fcller P (2018). Scale\u00ad-invariant patterning by size\u00ad-dependent inhibition of Nodal signaling.<a href=\"https:\/\/www.nature.com\/articles\/s41556-018-0155-7\"> Nat Cell Biol. 2018 Sep; 20(9)<\/a> <a href=\"https:\/\/marconlab.org\/papers\/LM2018.PDF\">PDF<\/a><\/p>\n\n\n\n<p style=\"padding-top:var(--wp--preset--spacing--30);padding-right:var(--wp--preset--spacing--30);padding-bottom:var(--wp--preset--spacing--30);padding-left:var(--wp--preset--spacing--30)\">\u2022 Diego X, <b>Marcon L<\/b>, M\u00fcller P, Sharpe J  (2018). Key features of Turing systems are determined purely by network topology. <a href=\"https:\/\/journals.aps.org\/prx\/abstract\/10.1103\/PhysRevX.8.021071\">Phys. Rev. X 8 Jun.<\/a> <a href=\"https:\/\/marconlab.org\/papers\/LM2018-2.PDF\">PDF<\/a><\/p>\n<\/div>\n\n\n\n<div class=\"wp-block-group is-layout-flow wp-container-core-group-is-layout-86514c44 wp-block-group-is-layout-flow\" style=\"border-width:2px;padding-right:0;padding-left:0\">\n<h2 class=\"wp-block-heading is-style-sidebar-title has-white-color has-primary-background-color has-text-color has-background has-small-font-size\" id=\"2016\" style=\"margin-top:0vw;margin-bottom:1.5vw;font-style:normal;font-weight:400\">2016<\/h2>\n\n\n\n<p style=\"padding-top:var(--wp--preset--spacing--30);padding-right:var(--wp--preset--spacing--30);padding-bottom:var(--wp--preset--spacing--30);padding-left:var(--wp--preset--spacing--30)\">\u2022 <b>Marcon L<\/b>, Diego X, Sharpe J, M\u00fcller P (2016). High-throughput mathematical analysis identifies Turing networks for patterning with equally diffusing signals. <a href=\"http:\/\/dx.doi.org\/10.7554\/eLife.14022\">eLife Apr 8;5<\/a>. <a href=\"https:\/\/marconlab.org\/papers\/LM2016-2.PDF\">PDF<\/a> <a href=\"https:\/\/marconlab.org\/papers\/LM2016-2-SM.zip\">Supporting Material<\/a><\/p>\n\n\n\n<p style=\"padding-top:var(--wp--preset--spacing--30);padding-right:var(--wp--preset--spacing--30);padding-bottom:var(--wp--preset--spacing--30);padding-left:var(--wp--preset--spacing--30)\">\u2022 Onimaru K, <b>Marcon L<\/b>, Musy M, Tanaka M, Sharpe J (2016). The fin to limb transition as the re-organisation of a Turing pattern. <a href=\"http:\/\/www.nature.com\/ncomms\/2016\/160523\/ncomms11582\/full\/ncomms11582.html\">Nat Commun. May 23;7:11582.<\/a> <a href=\"https:\/\/marconlab.org\/papers\/LM2016-1.PDF\">PDF<\/a> <a href=\"https:\/\/marconlab.org\/papers\/LM2016-1-SM.PDF\">Supporting Material<\/a><\/p>\n<\/div>\n\n\n\n<div class=\"wp-block-group is-layout-flow wp-container-core-group-is-layout-86514c44 wp-block-group-is-layout-flow\" style=\"border-width:2px;padding-right:0;padding-left:0\">\n<h2 class=\"wp-block-heading is-style-sidebar-title has-white-color has-primary-background-color has-text-color has-background has-small-font-size\" id=\"2015\" style=\"margin-top:0vw;margin-bottom:1.5vw;font-style:normal;font-weight:400\">2015<\/h2>\n\n\n\n<p style=\"padding-top:var(--wp--preset--spacing--30);padding-right:var(--wp--preset--spacing--30);padding-bottom:var(--wp--preset--spacing--30);padding-left:var(--wp--preset--spacing--30)\">\u2022 Uzkudun M, <b>Marcon L<\/b>, Sharpe J (2015). Data-driven modelling of a gene regulatory network for cell fate decisions in the growing limb bud. <a href=\"http:\/\/msb.embopress.org\/cgi\/pmidlookup?view=long&amp;pmid=26174932\">Mol Syst Biol.  11(7):815<\/a>. <a href=\"https:\/\/marconlab.org\/papers\/LM2015.PDF\">PDF<\/a> <a href=\"https:\/\/marconlab.org\/papers\/LM2015-SM.PDF\">Supporting Material<\/a><\/p>\n<\/div>\n\n\n\n<div class=\"wp-block-group is-layout-flow wp-container-core-group-is-layout-86514c44 wp-block-group-is-layout-flow\" style=\"border-width:2px;padding-right:0;padding-left:0\">\n<h2 class=\"wp-block-heading is-style-sidebar-title has-white-color has-primary-background-color has-text-color has-background has-small-font-size\" id=\"2014\" style=\"margin-top:0vw;margin-bottom:1.5vw;font-style:normal;font-weight:400\">2014<\/h2>\n\n\n\n<p style=\"padding-top:var(--wp--preset--spacing--30);padding-right:var(--wp--preset--spacing--30);padding-bottom:var(--wp--preset--spacing--30);padding-left:var(--wp--preset--spacing--30)\">\u2022<b> Raspopovic J*<\/b>, <b>Marcon L*<\/b>, Russo L, Sharpe J (2014). Digit patterning is controlled by a Bmp-Sox9-Wnt Turing network modulated by morphogen gradients. <a href=\"http:\/\/www.sciencemag.org\/cgi\/pmidlookup?view=long&amp;pmid=25082703\">Science. 345(6196):566-70<\/a>. <a href=\"https:\/\/marconlab.org\/papers\/LM2014.PDF\">PDF<\/a> <a href=\"https:\/\/marconlab.org\/papers\/LM2014-SM.PDF\">Supporting Material<\/a><\/p>\n<\/div>\n\n\n\n<div class=\"wp-block-group is-layout-flow wp-container-core-group-is-layout-91e0f05e wp-block-group-is-layout-flow\" style=\"border-width:2px\">\n<h2 class=\"wp-block-heading is-style-sidebar-title has-white-color has-primary-background-color has-text-color has-background has-small-font-size\" id=\"2012\" style=\"margin-top:0vw;margin-bottom:1.5vw;font-style:normal;font-weight:400\">2012<\/h2>\n\n\n\n<p style=\"margin-top:var(--wp--preset--spacing--30);margin-right:var(--wp--preset--spacing--30);margin-bottom:var(--wp--preset--spacing--30);margin-left:var(--wp--preset--spacing--30)\"><span>\u2022<\/span> <b>Marcon L<\/b>, Sharpe J (2012). Turing patterns in development: what about the horse part? <a href=\"http:\/\/linkinghub.elsevier.com\/retrieve\/pii\/S0959-437X(12)00143-8\">Curr Opin Genet Dev. 22(6):578-84<\/a>. <a href=\"https:\/\/marconlab.org\/papers\/LM2012-2.PDF\">PDF<\/a><\/p>\n\n\n\n<p style=\"padding-top:var(--wp--preset--spacing--30);padding-right:var(--wp--preset--spacing--30);padding-bottom:var(--wp--preset--spacing--30);padding-left:var(--wp--preset--spacing--30)\">\u2022 Sheth R*, <b>Marcon L*<\/b>, Bastida MF, Junco M, Quintana L, Dahn R, Kmita M, Sharpe J, Ros MA (2012). Hox genes regulate digit patterning by controlling the wavelength of a Turing-type mechanism. <a href=\"http:\/\/www.sciencemag.org\/cgi\/pmidlookup?view=long&amp;pmid=23239739\">Science. 338(6113):1476-80<\/a>. <a href=\"https:\/\/marconlab.org\/papers\/LM2012-1.PDF\">PDF<\/a> <a href=\"https:\/\/marconlab.org\/papers\/LM2012-1-SM.PDF\">Supporting Material<\/a> <\/p>\n<\/div>\n\n\n\n<div class=\"wp-block-group is-layout-flow wp-block-group-is-layout-flow\" style=\"border-width:2px\">\n<h2 class=\"wp-block-heading is-style-sidebar-title has-white-color has-primary-background-color has-text-color has-background has-small-font-size\" id=\"2011\" style=\"margin-top:0vw;margin-bottom:1.5vw;font-style:normal;font-weight:400\">2011<\/h2>\n\n\n\n<p style=\"padding-top:var(--wp--preset--spacing--30);padding-right:var(--wp--preset--spacing--30);padding-bottom:var(--wp--preset--spacing--30);padding-left:var(--wp--preset--spacing--30)\">\u2022 <b>Marcon L<\/b>, Arqu\u00e9s CG, Torres MS, Sharpe J (2011). A computational clonal analysis of the developing mouse limb bud. <a href=\"http:\/\/dx.plos.org\/10.1371\/journal.pcbi.1001071\">PLoS Comput Biol. 7(2):e1001071<\/a>. <a href=\"https:\/\/marconlab.org\/papers\/LM2011.PDF\">PDF<\/a> <a href=\"https:\/\/marconlab.org\/papers\/LM2011-SM.zip\">Supporting Material<\/a><\/p>\n<\/div>\n","protected":false},"excerpt":{"rendered":"<p>We can only see a short distance ahead, but we can see plenty there that needs to be done. Alan Turing 2025, 2024, [&hellip;]<\/p>\n","protected":false},"author":1,"featured_media":0,"parent":0,"menu_order":2,"comment_status":"closed","ping_status":"closed","template":"","meta":{"footnotes":""},"class_list":["post-133","page","type-page","status-publish","hentry"],"_links":{"self":[{"href":"http:\/\/marconlab.org\/index.php\/wp-json\/wp\/v2\/pages\/133","targetHints":{"allow":["GET"]}}],"collection":[{"href":"http:\/\/marconlab.org\/index.php\/wp-json\/wp\/v2\/pages"}],"about":[{"href":"http:\/\/marconlab.org\/index.php\/wp-json\/wp\/v2\/types\/page"}],"author":[{"embeddable":true,"href":"http:\/\/marconlab.org\/index.php\/wp-json\/wp\/v2\/users\/1"}],"replies":[{"embeddable":true,"href":"http:\/\/marconlab.org\/index.php\/wp-json\/wp\/v2\/comments?post=133"}],"version-history":[{"count":25,"href":"http:\/\/marconlab.org\/index.php\/wp-json\/wp\/v2\/pages\/133\/revisions"}],"predecessor-version":[{"id":179,"href":"http:\/\/marconlab.org\/index.php\/wp-json\/wp\/v2\/pages\/133\/revisions\/179"}],"wp:attachment":[{"href":"http:\/\/marconlab.org\/index.php\/wp-json\/wp\/v2\/media?parent=133"}],"curies":[{"name":"wp","href":"https:\/\/api.w.org\/{rel}","templated":true}]}}